{"id":423,"date":"2021-08-02T16:20:59","date_gmt":"2021-08-02T14:20:59","guid":{"rendered":"https:\/\/torrefavara.com\/?page_id=423"},"modified":"2022-02-01T18:20:30","modified_gmt":"2022-02-01T17:20:30","slug":"cookie-policy","status":"publish","type":"page","link":"https:\/\/ramilia.com\/eng\/cookie-policy\/","title":{"rendered":"Cookie Policy"},"content":{"rendered":"<p>[et_pb_section fb_built=&#8221;1&#8243; admin_label=&#8221;section&#8221; _builder_version=&#8221;3.22&#8243; global_colors_info=&#8221;{}&#8221;][et_pb_row custom_padding_last_edited=&#8221;on|phone&#8221; admin_label=&#8221;tittle Row&#8221; _builder_version=&#8221;4.9.10&#8243; custom_margin=&#8221;||||false|false&#8221; custom_padding=&#8221;40px|0px|40px|0px&#8221; custom_padding_tablet=&#8221;70px|0px|||false|false&#8221; custom_padding_phone=&#8221;50px|0px|||false|false&#8221; hover_enabled=&#8221;0&#8243; custom_width_px=&#8221;1280px&#8221; global_colors_info=&#8221;{}&#8221; sticky_enabled=&#8221;0&#8243;][et_pb_column type=&#8221;4_4&#8243; _builder_version=&#8221;4.9.10&#8243; custom_padding=&#8221;||0px||false|false&#8221; custom_padding_tablet=&#8221;||70px||false|false&#8221; custom_padding_phone=&#8221;||50px||false|false&#8221; custom_padding_last_edited=&#8221;on|phone&#8221; global_colors_info=&#8221;{}&#8221; custom_padding__hover=&#8221;|||&#8221;][et_pb_text admin_label=&#8221;Tittle&#8221; _builder_version=&#8221;4.14.6&#8243; text_font=&#8221;Cormorant||||||||&#8221; text_text_color=&#8221;#302e2c&#8221; text_font_size=&#8221;45px&#8221; header_font=&#8221;Montserrat|||on|||||&#8221; header_text_align=&#8221;center&#8221; header_text_color=&#8221;#000000&#8243; header_2_font=&#8221;Oswald|||on|||||&#8221; header_2_text_align=&#8221;center&#8221; header_2_font_size=&#8221;40px&#8221; header_2_letter_spacing=&#8221;2px&#8221; header_2_line_height=&#8221;1.5em&#8221; background_layout=&#8221;dark&#8221; module_alignment=&#8221;center&#8221; hover_enabled=&#8221;0&#8243; text_font_size_tablet=&#8221;&#8221; text_font_size_phone=&#8221;42px&#8221; text_font_size_last_edited=&#8221;on|phone&#8221; global_colors_info=&#8221;{}&#8221; text_orientation=&#8221;center&#8221; sticky_enabled=&#8221;0&#8243;]<\/p>\n<p>Cookie Policy<\/p>\n<p>[\/et_pb_text][et_pb_divider color=&#8221;#d3af6d&#8221; divider_weight=&#8221;2px&#8221; _builder_version=&#8221;4.14.6&#8243; _module_preset=&#8221;default&#8221; width=&#8221;80px&#8221; module_alignment=&#8221;center&#8221; hover_enabled=&#8221;0&#8243; global_colors_info=&#8221;{}&#8221; width_last_edited=&#8221;on|phone&#8221; sticky_enabled=&#8221;0&#8243; width_tablet=&#8221;80px&#8221; width_phone=&#8221;75px&#8221;][\/et_pb_divider][et_pb_text disabled_on=&#8221;off|off|off&#8221; admin_label=&#8221;Texts&#8221; _builder_version=&#8221;4.9.10&#8243; text_font=&#8221;Montserrat||||||||&#8221; text_text_color=&#8221;#302e2c&#8221; text_line_height=&#8221;1.8em&#8221; header_font=&#8221;Oswald||||&#8221; header_font_size=&#8221;16px&#8221; header_letter_spacing=&#8221;2px&#8221; header_line_height=&#8221;1.7em&#8221; text_orientation=&#8221;center&#8221; max_width_tablet=&#8221;&#8221; max_width_phone=&#8221;&#8221; max_width_last_edited=&#8221;on|phone&#8221; module_alignment=&#8221;center&#8221; custom_margin=&#8221;||||false|false&#8221; locked=&#8221;off&#8221; global_colors_info=&#8221;{}&#8221;]<\/p>\n<p style=\"text-align: justify;\"><span style=\"color: #b18c67;\"><strong>IL TITOLARE DEL TRATTAMENTO<\/strong><\/span><br \/>Il titolare del trattamento dei dati personali \u00e8 la Societ\u00e0 Agricola Semplice F.lli Ema con sede legale in Via Gen. C.A. Dalla Chiesa, 8 &#8211; 93017 San Cataldo (CL), Partita Iva 02049870856.<\/p>\n<p style=\"text-align: justify;\"><span style=\"color: #b18c67;\"><strong>INFORMAZIONI SUI COOKIE<\/strong><\/span><\/p>\n<p style=\"text-align: justify;\"><span style=\"color: #b18c67;\"><strong>QUALI COOKIE<\/strong><\/span><br \/>In linea con le pratiche standard di molti siti web, ramilia.com potrebbe installare sul computer utilizzato dall\u2019utente ed accedere a cookie, web beacon, Flash cookie ed altre tecnologie.<\/p>\n<p style=\"text-align: justify;\">Utilizzando ramilia.com, l\u2019utente accetta l\u2019utilizzo dei cookie.<\/p>\n<p style=\"text-align: justify;\">Segue l\u2019elenco dei cookie di terze parti (tutti gli altri sono cookie tecnici), che ramilia.com potr\u00e0 archiviare sul Suo computer per fornire prodotti, informazioni, dati ed erogare servizi. Esso \u00e8 compilato in ottemperanza al provvedimento n. 229 dell \u03018 maggio 2014, punto 2, del Garante della Privacy.<\/p>\n<p style=\"text-align: justify;\"><strong>Cookie di Google Analytics fonte google.com<\/strong><br \/>Tipi Cookie statistici e\/o Cookie di profilazione. Nell\u2019ambito dell\u2019uso di cookie di profilazione, potrebbero essere attivate funzionalit\u00e0 di Google Analytics tramite cookie come Google Analytics User-ID, pubblici simili e strumenti analoghi.<\/p>\n<p style=\"text-align: left;\">Informazioni ulteriori <a href=\"https:\/\/developers.google.com\/analytics\/devguides\/collection\/gtagjs\/cookie-usage?hl=it\" target=\"_blank\" rel=\"noopener\">https:\/\/developers.google.com\/analytics\/devguides\/collection\/gtagjs\/cookie-usage?hl=it<\/a>, <a href=\"https:\/\/policies.google.com\/technologies\/partner-sites\" target=\"_blank\" rel=\"noopener\">https:\/\/policies.google.com\/technologies\/partner-sites<\/a><\/p>\n<p style=\"text-align: justify;\"><strong>Cookie di Facebook fonte facebook.com<\/strong><br \/>Tipi Cookie statistici e\/o Cookie di profilazione. Nell\u2019ambito dell\u2019uso di cookie di profilazione, potrebbero essere attivate funzionalit\u00e0 riconducibili al Pixel di Facebook.<\/p>\n<p style=\"text-align: left;\">Informazioni ulteriori <a href=\"https:\/\/www.facebook.com\/policies\/cookies\/\" target=\"_blank\" rel=\"noopener\">https:\/\/www.facebook.com\/policies\/cookies\/<\/a><\/p>\n<p style=\"text-align: justify;\"><strong>Cookie di Twitter fonte twitter.com<\/strong><br \/>Tipi Cookie statistici e\/o Cookie di profilazione.<\/p>\n<p style=\"text-align: left;\">Informazioni ulteriori <a href=\"https:\/\/help.twitter.com\/it\/rules-and-policies\/twitter-cookies\" target=\"_blank\" rel=\"noopener\">https:\/\/help.twitter.com\/it\/rules-and-policies\/twitter-cookies<\/a><\/p>\n<p style=\"text-align: justify;\"><strong>Cookie di Google Ads fonte google.com<\/strong><br \/>Tipi Cookie statistici e\/o Cookie di profilazione. Nell\u2019ambito dell\u2019uso di cookie di profilazione, potrebbero essere attivate funzionalit\u00e0 di Google Ads come il Codice di monitoraggio globale, con tracciamento di eventi e azioni sul sito durante la navigazione, e attivazione di messaggi pubblicitari sulla base di essi.<\/p>\n<p style=\"text-align: left;\">Informazioni ulteriori <a href=\"https:\/\/policies.google.com\/technologies\/partner-sites\" target=\"_blank\" rel=\"noopener\">https:\/\/policies.google.com\/technologies\/partner-sites<\/a><\/p>\n<p style=\"text-align: justify;\">L\u2019utente pu\u00f2 negare il consenso all\u2019utilizzo dei dati personali per tutti o alcuni dei cookie appartenenti alla lista, visitando il sito web IAB Italy.<\/p>\n<p style=\"text-align: justify;\">Si prega di notare che quando Lei visita il Sito, terze parti quali reti pubblicitarie, agenzie pubblicitarie, inserzionisti e fornitori di segmenti per il pubblico, potranno impostare ed accedere a cookie, web beacon, Flash cookie e altre tecnologie sul Suo computer.<\/p>\n<p style=\"text-align: justify;\"><span style=\"color: #b18c67;\"><strong>COOKIE DI PRIMA PARTE<\/strong><\/span><br \/>Possiamo inviare cookie di ramilia.com sul Suo dispositivo tramite il nostro Sito. I cookie di ramilia.com che inviamo sono definiti qui cookie di prima parte. I cookie di prima parte sono cookie che appartengono al Sito che li ha creati. L\u2019utilizzo di tali cookie ci permette di far funzionare il Sito in modo efficiente e fornire i nostri servizi.<\/p>\n<p style=\"text-align: justify;\">In questo Sito tutti i cookie di prima parte, nessuno escluso, sono cookie tecnici.<\/p>\n<p style=\"text-align: justify;\">\u00c8 possibile modificare o cancellare tali cookie tramite il browser di navigazione in uso seguendo le istruzioni fornite nella guida del Suo browser. Le guide ad alcuni dei browser pi\u00f9 comuni si trovano ai seguenti indirizzi: Google Chrome, Mozilla Firefox, Apple Safari e Microsoft Windows Explorer.<\/p>\n<p style=\"text-align: justify;\"><span style=\"color: #b18c67;\"><strong>COOKIE DI TERZE PARTI<\/strong><\/span><br \/>Consentiamo anche a terzi di inviare cookie sul Suo dispositivo. La differenza tra un cookie di prima parte e un cookie di terzi riguarda il controllo da parte del soggetto che invia il cookie. Anche se consentiamo a terzi di accedere al Sito per inviare i cookie sul dispositivo dell\u2019utente, non abbiamo il controllo sulle informazioni fornite dai cookie e non abbiamo accesso a tali dati. Queste informazioni sono controllate totalmente da terzi secondo quanto descritto nella relativa Privacy Policy in tabella.<\/p>\n<p style=\"text-align: justify;\">Alcuni cookie di terze parti, opportunamente indicati in tabella, sono cookie statistici. Essi raccolgono informazioni sulle modalit\u00e0 di impiego del sito Web da parte dell\u2019utente, ad esempio: quali pagine vengono visitate e gli errori che \u00e8 possibile riscontrare. Tali cookie vengono utilizzati per aiutarci a migliorare il funzionamento del Sito e comprendere gli interessi degli utenti.<\/p>\n<p style=\"text-align: justify;\">In conclusione essi ci servono a: ottenere statistiche sulle modalit\u00e0 di utilizzo del Sito; contribuire al miglioramento del Sito grazie alla misurazione degli eventuali errori che si verificano.<\/p>\n<p style=\"text-align: justify;\">Nei casi opportunamente indicati nella tabella, si tratta di cookie utilizzati al fine di inviare messaggi pubblicitari in linea con le preferenze manifestate dall\u2019utente nell\u2019ambito della navigazione in rete. Tali cookie sono detti cookie di profilazione e possono essere erogati tramite il nostro sito esclusivamente da terze parti. Le aziende che offrono o pubblicizzano i propri prodotti tramite questo sito potrebbero assegnare cookie ai terminali degli utenti. Le categorie di cookie utilizzate e il tipo di trattamento di dati personali da parte di queste aziende sono regolati in conformit\u00e0 alle informative rese da queste aziende.<\/p>\n<p style=\"text-align: justify;\">L\u2019utente, per determinati cookie, tutti di terze parti, pu\u00f2 negare il consenso all\u2019utilizzo dei Suoi dati personali, visitando il sito web di IAB Italy. Eventualmente ricever\u00e0 comunque annunci pubblicitari che non sono personalizzati in base ai Suoi interessi personali.<\/p>\n<p style=\"text-align: justify;\">L\u2019utente pu\u00f2 disabilitare in modo selettivo l\u2019azione di Google Analytics installando sul proprio browser la componente opt-out fornita da Google. Per disabilitare l\u2019azione di Google Analytics, si rinvia al link di seguito indicato: <a href=\"https:\/\/tools.google.com\/dlpage\/gaoptout\" target=\"_blank\" rel=\"noopener\">https:\/\/tools.google.com\/dlpage\/gaoptout<\/a>.<\/p>\n<p style=\"text-align: justify;\">Pu\u00f2 scegliere in qualsiasi momento di disabilitare o cancellare i cookie di terze parti direttamente nel browser di navigazione in uso seguendo le istruzioni fornite nella guida del Suo browser. Le guide ad alcuni dei browser pi\u00f9 comuni si trovano ai seguenti indirizzi: Google Chrome, Mozilla Firefox, Apple Safari, Microsoft Windows Explorer e Microsoft Edge.<\/p>\n<p style=\"text-align: justify;\">Attraverso le informazioni e gli strumenti indicati nella presente Cookie Policy \u00e8 dunque possibile disabilitare, cancellare o negare il consenso all\u2019uso di qualsiasi cookie.<\/p>\n<p style=\"text-align: justify;\"><span style=\"color: #b18c67;\"><strong>APPROFONDIMENTO SUI COOKIE<\/strong><\/span><br \/>I cookie sono piccoli frammenti di informazioni archiviati in file all\u2019interno del browser in uso dell\u2019utente. I siti web possono accedere esclusivamente ai cookie che hanno archiviato sul Suo computer. Per esempio, se Google archivia un cookie sul Suo browser, Google potr\u00e0 accedere al proprio cookie, ma non a quello di un\u2019azienda diversa.<\/p>\n<p style=\"text-align: justify;\">ramilia.com potrebbe utilizzare i cookie per i seguenti scopi:<\/p>\n<ul>\n<li style=\"text-align: justify;\">per riconoscere che il Suo browser ha gi\u00e0 visitato il Sito, e registrare e ricordare qualsiasi preferenza che possa essere stata impostata mentre il Suo browser ha visitato il Sito. Per esempio, ramilia.com potrebbe salvare le Sue informazioni di accesso, in modo che l\u2019utente non debba effettuare la procedura di accesso ogni volta che accede al sito;<\/li>\n<li style=\"text-align: justify;\">per personalizzare i contenuti e le pubblicit\u00e0 che l\u2019utente visualizza quando visita il Sito;<\/li>\n<li style=\"text-align: justify;\">per misurare e ricercare l\u2019efficacia dei contenuti interattivi online, delle funzionalit\u00e0, delle inserzioni pubblicitarie e di altre comunicazioni;<\/li>\n<li style=\"text-align: justify;\">per analizzare il Sito e il suo utilizzo e per migliorare i servizi del Sito.<\/li>\n<\/ul>\n<p style=\"text-align: justify;\"><span style=\"color: #b18c67;\"><strong>WEB BEACON<\/strong><\/span><br \/>ramilia.com potrebbe far uso di web beacon (anche chiamati GIF trasparenti, web bug, pixel o action tag). Queste tecnologie sono stringhe di codice che forniscono una piccola immagine grafica su una pagina web o in un\u2019e-mail. I web beacon possono riconoscere determinate tipologie di informazioni sul computer dell\u2019utente, quali i cookie, l\u2019ora e il giorno in cui una pagina viene visualizzata e una descrizione della pagina nella quale \u00e8 inserito il web beacon. In generale, qualsiasi file trasmesso quale parte di una pagina web pu\u00f2 essere utilizzato come un web beacon.<\/p>\n<p style=\"text-align: justify;\">Terzi possono utilizzare i web beacon sul Sito per ricevere informazioni di controllo, ricerca e rendicontazione o per capire quali siano gli interessi dell\u2019utente e selezionare e pubblicare inserzioni pubblicitarie in linea con i Suoi interessi.<\/p>\n<p style=\"text-align: justify;\">Tali cookie sono eventualmente indicati in tabella.<\/p>\n<p style=\"text-align: justify;\"><span style=\"color: #b18c67;\"><strong>FLASH COOKIE<\/strong><\/span><br \/>Alcuni dei partner terzi del Sito possono utilizzare Flash cookie, altrimenti noti come oggetti condivisi localmente (LSO). Essi vengono utilizzati per identificare gli interessi attraverso gli articoli che consulta e, pi\u00f9 in generale, per tenere traccia in diversi modi dei comportamenti degli utenti. Gli LSO conservano delle raccolte di dati simili a cookie archiviati in una cartella sul computer dell\u2019utente e vengono installati tramite il visualizzatore di video Flash di Adobe.<\/p>\n<p style=\"text-align: justify;\">Tali cookie verranno eventualmente indicati in tabella.<\/p>\n<p style=\"text-align: justify;\"><span style=\"color: #b18c67;\"><strong>OPZIONI DI ESCLUSIONE<\/strong><\/span><br \/>Per determinati cookie, per opporsi al trattamento dei Suoi dati personali per consentirci di proporLe pubblicit\u00e0 comportamentale o di raccogliere dati statistici, pu\u00f2 impostare il relativo cookie di esclusione della pubblicit\u00e0 visitando il Sito <a href=\"http:\/\/www.youronlinechoices.com\/it\/le-tue-scelte\/\" target=\"_blank\" rel=\"noopener\">http:\/\/www.youronlinechoices.com\/it\/le-tue-scelte\/<\/a> e seguendo le istruzioni ivi fornite.<\/p>\n<p style=\"text-align: justify;\">Si prega di notare che, anche in caso di esercizio del diritto di opposizione, potrebbe ricevere comunque inserzioni pubblicitarie, anche se non pi\u00f9 annunci personalizzati in base ai Suoi interessi.<\/p>\n<p style=\"text-align: justify;\">Se in futuro dovesse cancellare i cookie, dovr\u00e0 esercitare nuovamente il diritto di opposizione. Dovr\u00e0 esercitare nuovamente il diritto di opposizione anche se utilizza un browser di navigazione diverso.<\/p>\n<p style=\"text-align: justify;\">L\u2019utente pu\u00f2 disabilitare in modo selettivo l\u2019azione di Google Analytics installando sul proprio browser la componente opt-out fornita da Google. Per disabilitare l\u2019azione di Google Analytics, si rinvia al link di seguito indicato: <a href=\"https:\/\/tools.google.com\/dlpage\/gaoptout\" target=\"_blank\" rel=\"noopener\">https:\/\/tools.google.com\/dlpage\/gaoptout<\/a>.<\/p>\n<p style=\"text-align: justify;\">Pu\u00f2 gestire i cookie anche direttamente tramite i controlli del browser di navigazione in uso. Per ulteriori informazioni su come cancellare e controllare i cookie dal suo brower pu\u00f2 rivolgersi ai seguenti indirizzi: Google Chrome, Mozilla Firefox, Apple Safari, Microsoft Windows Explorer e Microsoft Edge.<\/p>\n<p style=\"text-align: justify;\">Per ulteriori informazioni, si prega di consultare il sito web di IAB Italy e il sito web di Adobe Flash.<\/p>\n<p style=\"text-align: justify;\">Attraverso le informazioni e gli strumenti indicati nella presente Cookie Policy \u00e8 dunque possibile disabilitare, cancellare o negare il consenso all\u2019uso di qualsiasi cookie.<\/p>\n<p style=\"text-align: justify;\"><span style=\"color: #b18c67;\"><strong>ULTERIORI INFORMAZIONI SUL TRATTAMENTO DEI DATI<\/strong><\/span><br \/>Per ulteriori informazioni sul trattamento dei dati personali si pu\u00f2 consultare la Privacy Policy del Sito a questo indirizzo: <a href=\"https:\/\/ramilia.com\/eng\/privacy-policy\/\" target=\"_blank\" rel=\"noopener\">https:\/\/ramilia.com\/privacy-policy<\/a><\/p>\n<p style=\"text-align: left;\">L\u2019utilizzo dei cookie e la compilazione della presente Cookie Policy avvengono in ottemperanza al <a href=\"http:\/\/www.garanteprivacy.it\/web\/guest\/home\/docweb\/-\/docweb-display\/docweb\/3118884\" target=\"_blank\" rel=\"noopener\">http:\/\/www.garanteprivacy.it\/web\/guest\/home\/docweb\/-\/docweb-display\/docweb\/3118884<\/a><\/p>\n<p>[\/et_pb_text][\/et_pb_column][\/et_pb_row][\/et_pb_section]<\/p>","protected":false},"excerpt":{"rendered":"<p>Cookie PolicyIL TITOLARE DEL TRATTAMENTOIl titolare del trattamento dei dati personali \u00e8 la Societ\u00e0 Agricola Semplice F.lli Ema con sede legale in Via Gen. C.A. Dalla Chiesa, 8 &#8211; 93017 San Cataldo (CL), Partita Iva 02049870856. INFORMAZIONI SUI COOKIE QUALI COOKIEIn linea con le pratiche standard di molti siti web, ramilia.com potrebbe installare sul computer [&hellip;]<\/p>","protected":false},"author":2,"featured_media":0,"parent":0,"menu_order":0,"comment_status":"closed","ping_status":"closed","template":"","meta":{"_et_pb_use_builder":"on","_et_pb_old_content":"","_et_gb_content_width":"","footnotes":""},"class_list":["post-423","page","type-page","status-publish","hentry"],"yoast_head":"<!-- This site is optimized with the Yoast SEO plugin v22.9 - https:\/\/yoast.com\/wordpress\/plugins\/seo\/ -->\n<title>Cookie Policy &#187; Ramilia<\/title>\n<meta name=\"description\" content=\"Cookie Policy - Ramilia - Bioagriturismo in Sicilia\" \/>\n<meta name=\"robots\" content=\"index, follow, max-snippet:-1, max-image-preview:large, max-video-preview:-1\" \/>\n<link rel=\"canonical\" href=\"https:\/\/ramilia.com\/eng\/cookie-policy\/\" \/>\n<meta property=\"og:locale\" content=\"en_GB\" \/>\n<meta property=\"og:type\" content=\"article\" \/>\n<meta property=\"og:title\" content=\"Cookie Policy &#187; Ramilia\" \/>\n<meta property=\"og:description\" content=\"Cookie Policy - Ramilia - Bioagriturismo in Sicilia\" \/>\n<meta property=\"og:url\" content=\"https:\/\/ramilia.com\/eng\/cookie-policy\/\" \/>\n<meta property=\"og:site_name\" content=\"Ramilia\" \/>\n<meta property=\"article:modified_time\" content=\"2022-02-01T17:20:30+00:00\" \/>\n<meta property=\"og:image\" content=\"https:\/\/ramilia.com\/wp-content\/uploads\/2021\/06\/Banner-Ramilia-W.jpg\" \/>\n\t<meta property=\"og:image:width\" content=\"1200\" \/>\n\t<meta property=\"og:image:height\" content=\"630\" \/>\n\t<meta property=\"og:image:type\" content=\"image\/jpeg\" \/>\n<meta name=\"twitter:card\" content=\"summary_large_image\" \/>\n<meta name=\"twitter:label1\" content=\"Estimated reading time\" \/>\n\t<meta name=\"twitter:data1\" content=\"7 minutes\" \/>\n<script type=\"application\/ld+json\" class=\"yoast-schema-graph\">{\"@context\":\"https:\/\/schema.org\",\"@graph\":[{\"@type\":\"WebPage\",\"@id\":\"https:\/\/ramilia.com\/cookie-policy\/\",\"url\":\"https:\/\/ramilia.com\/cookie-policy\/\",\"name\":\"Cookie Policy &#187; Ramilia\",\"isPartOf\":{\"@id\":\"https:\/\/ramilia.com\/#website\"},\"datePublished\":\"2021-08-02T14:20:59+00:00\",\"dateModified\":\"2022-02-01T17:20:30+00:00\",\"description\":\"Cookie Policy - Ramilia - Bioagriturismo in Sicilia\",\"breadcrumb\":{\"@id\":\"https:\/\/ramilia.com\/cookie-policy\/#breadcrumb\"},\"inLanguage\":\"en-GB\",\"potentialAction\":[{\"@type\":\"ReadAction\",\"target\":[\"https:\/\/ramilia.com\/cookie-policy\/\"]}]},{\"@type\":\"BreadcrumbList\",\"@id\":\"https:\/\/ramilia.com\/cookie-policy\/#breadcrumb\",\"itemListElement\":[{\"@type\":\"ListItem\",\"position\":1,\"name\":\"Home\",\"item\":\"https:\/\/ramilia.com\/\"},{\"@type\":\"ListItem\",\"position\":2,\"name\":\"Cookie Policy\"}]},{\"@type\":\"WebSite\",\"@id\":\"https:\/\/ramilia.com\/#website\",\"url\":\"https:\/\/ramilia.com\/\",\"name\":\"Ramilia\",\"description\":\"Bio Agriturismo in Sicilia\",\"publisher\":{\"@id\":\"https:\/\/ramilia.com\/#organization\"},\"potentialAction\":[{\"@type\":\"SearchAction\",\"target\":{\"@type\":\"EntryPoint\",\"urlTemplate\":\"https:\/\/ramilia.com\/?s={search_term_string}\"},\"query-input\":\"required name=search_term_string\"}],\"inLanguage\":\"en-GB\"},{\"@type\":\"Organization\",\"@id\":\"https:\/\/ramilia.com\/#organization\",\"name\":\"Ramilia - Bioagriturismo in Sicilia\",\"url\":\"https:\/\/ramilia.com\/\",\"logo\":{\"@type\":\"ImageObject\",\"inLanguage\":\"en-GB\",\"@id\":\"https:\/\/ramilia.com\/#\/schema\/logo\/image\/\",\"url\":\"https:\/\/ramilia.com\/wp-content\/uploads\/2021\/06\/Avatar-Ramilia-W.jpg\",\"contentUrl\":\"https:\/\/ramilia.com\/wp-content\/uploads\/2021\/06\/Avatar-Ramilia-W.jpg\",\"width\":1000,\"height\":1000,\"caption\":\"Ramilia - Bioagriturismo in Sicilia\"},\"image\":{\"@id\":\"https:\/\/ramilia.com\/#\/schema\/logo\/image\/\"}}]}<\/script>\n<!-- \/ Yoast SEO plugin. -->","yoast_head_json":{"title":"Cookie Policy &#187; Ramilia","description":"Cookie Policy - Ramilia - Bioagriturismo in Sicilia","robots":{"index":"index","follow":"follow","max-snippet":"max-snippet:-1","max-image-preview":"max-image-preview:large","max-video-preview":"max-video-preview:-1"},"canonical":"https:\/\/ramilia.com\/eng\/cookie-policy\/","og_locale":"en_GB","og_type":"article","og_title":"Cookie Policy &#187; Ramilia","og_description":"Cookie Policy - Ramilia - Bioagriturismo in Sicilia","og_url":"https:\/\/ramilia.com\/eng\/cookie-policy\/","og_site_name":"Ramilia","article_modified_time":"2022-02-01T17:20:30+00:00","og_image":[{"width":1200,"height":630,"url":"https:\/\/ramilia.com\/wp-content\/uploads\/2021\/06\/Banner-Ramilia-W.jpg","type":"image\/jpeg"}],"twitter_card":"summary_large_image","twitter_misc":{"Estimated reading time":"7 minutes"},"schema":{"@context":"https:\/\/schema.org","@graph":[{"@type":"WebPage","@id":"https:\/\/ramilia.com\/cookie-policy\/","url":"https:\/\/ramilia.com\/cookie-policy\/","name":"Cookie Policy &#187; Ramilia","isPartOf":{"@id":"https:\/\/ramilia.com\/#website"},"datePublished":"2021-08-02T14:20:59+00:00","dateModified":"2022-02-01T17:20:30+00:00","description":"Cookie Policy - Ramilia - Bioagriturismo in Sicilia","breadcrumb":{"@id":"https:\/\/ramilia.com\/cookie-policy\/#breadcrumb"},"inLanguage":"en-GB","potentialAction":[{"@type":"ReadAction","target":["https:\/\/ramilia.com\/cookie-policy\/"]}]},{"@type":"BreadcrumbList","@id":"https:\/\/ramilia.com\/cookie-policy\/#breadcrumb","itemListElement":[{"@type":"ListItem","position":1,"name":"Home","item":"https:\/\/ramilia.com\/"},{"@type":"ListItem","position":2,"name":"Cookie Policy"}]},{"@type":"WebSite","@id":"https:\/\/ramilia.com\/#website","url":"https:\/\/ramilia.com\/","name":"Ramilia","description":"Bio Agriturismo in Sicilia","publisher":{"@id":"https:\/\/ramilia.com\/#organization"},"potentialAction":[{"@type":"SearchAction","target":{"@type":"EntryPoint","urlTemplate":"https:\/\/ramilia.com\/?s={search_term_string}"},"query-input":"required name=search_term_string"}],"inLanguage":"en-GB"},{"@type":"Organization","@id":"https:\/\/ramilia.com\/#organization","name":"Ramilia - Bioagriturismo in Sicilia","url":"https:\/\/ramilia.com\/","logo":{"@type":"ImageObject","inLanguage":"en-GB","@id":"https:\/\/ramilia.com\/#\/schema\/logo\/image\/","url":"https:\/\/ramilia.com\/wp-content\/uploads\/2021\/06\/Avatar-Ramilia-W.jpg","contentUrl":"https:\/\/ramilia.com\/wp-content\/uploads\/2021\/06\/Avatar-Ramilia-W.jpg","width":1000,"height":1000,"caption":"Ramilia - Bioagriturismo in Sicilia"},"image":{"@id":"https:\/\/ramilia.com\/#\/schema\/logo\/image\/"}}]}},"_links":{"self":[{"href":"https:\/\/ramilia.com\/eng\/wp-json\/wp\/v2\/pages\/423","targetHints":{"allow":["GET"]}}],"collection":[{"href":"https:\/\/ramilia.com\/eng\/wp-json\/wp\/v2\/pages"}],"about":[{"href":"https:\/\/ramilia.com\/eng\/wp-json\/wp\/v2\/types\/page"}],"author":[{"embeddable":true,"href":"https:\/\/ramilia.com\/eng\/wp-json\/wp\/v2\/users\/2"}],"replies":[{"embeddable":true,"href":"https:\/\/ramilia.com\/eng\/wp-json\/wp\/v2\/comments?post=423"}],"version-history":[{"count":6,"href":"https:\/\/ramilia.com\/eng\/wp-json\/wp\/v2\/pages\/423\/revisions"}],"predecessor-version":[{"id":226664,"href":"https:\/\/ramilia.com\/eng\/wp-json\/wp\/v2\/pages\/423\/revisions\/226664"}],"wp:attachment":[{"href":"https:\/\/ramilia.com\/eng\/wp-json\/wp\/v2\/media?parent=423"}],"curies":[{"name":"wp","href":"https:\/\/api.w.org\/{rel}","templated":true}]}}